{"id":273,"date":"2017-12-19T21:06:06","date_gmt":"2017-12-19T20:06:06","guid":{"rendered":"http:\/\/llegim.org\/?page_id=273"},"modified":"2017-12-19T21:06:06","modified_gmt":"2017-12-19T20:06:06","slug":"avis-legal-i-politica-de-privacitat","status":"publish","type":"page","link":"https:\/\/llegim.org\/mes-10-anys\/avis-legal-i-politica-de-privacitat\/","title":{"rendered":"Av\u00eds Legal"},"content":{"rendered":"<style type=\"text\/css\"><\/style><h1>Av\u00eds Legal<\/h1>\n<p>D&#8217;acord amb l&#8217;article 10 de la Llei 34\/2002, d&#8217;11 de juliol, de Serveis de la Societat de la Informaci\u00f3 i Comer\u00e7 Electr\u00f2nic, posem en el seu coneixement la seg\u00fcent informaci\u00f3:<\/p>\n<p>1. Aquest website \u00e9s gestionat per la Fundaci\u00f3 Bromera per al Foment de la Lectura, amb CIF G-97175509, i domicili a Pol. Industrial I. Ronda Tintorers 117. 46600 Alzira (Val\u00e8ncia).<\/p>\n<p>2. Als efectes del que estableix la Llei de Serveis de la Societat de la Informaci\u00f3, s&#8217;estableix com a contacte l&#8217;adre\u00e7a e-mail: llegim@fundaciobromera.org.<\/p>\n","protected":false},"excerpt":{"rendered":"<p>Av\u00eds Legal D&#8217;acord amb l&#8217;article 10 de la Llei 34\/2002, d&#8217;11 de juliol, de Serveis de la Societat de la Informaci\u00f3 i Comer\u00e7 Electr\u00f2nic, posem en el seu coneixement la seg\u00fcent informaci\u00f3: 1. Aquest website \u00e9s gestionat per la Fundaci\u00f3 Bromera per al Foment de la Lectura, amb CIF G-97175509, i domicili a Pol. Industrial&#8230;<\/p>\n","protected":false},"author":5,"featured_media":0,"parent":0,"menu_order":0,"comment_status":"closed","ping_status":"closed","template":"","meta":{"inline_featured_image":false,"footnotes":""},"_links":{"self":[{"href":"https:\/\/llegim.org\/mes-10-anys\/wp-json\/wp\/v2\/pages\/273"}],"collection":[{"href":"https:\/\/llegim.org\/mes-10-anys\/wp-json\/wp\/v2\/pages"}],"about":[{"href":"https:\/\/llegim.org\/mes-10-anys\/wp-json\/wp\/v2\/types\/page"}],"author":[{"embeddable":true,"href":"https:\/\/llegim.org\/mes-10-anys\/wp-json\/wp\/v2\/users\/5"}],"replies":[{"embeddable":true,"href":"https:\/\/llegim.org\/mes-10-anys\/wp-json\/wp\/v2\/comments?post=273"}],"version-history":[{"count":0,"href":"https:\/\/llegim.org\/mes-10-anys\/wp-json\/wp\/v2\/pages\/273\/revisions"}],"wp:attachment":[{"href":"https:\/\/llegim.org\/mes-10-anys\/wp-json\/wp\/v2\/media?parent=273"}],"curies":[{"name":"wp","href":"https:\/\/api.w.org\/{rel}","templated":true}]}}