{"id":235,"date":"2017-12-18T17:59:00","date_gmt":"2017-12-18T16:59:00","guid":{"rendered":"http:\/\/llegim.org\/?page_id=235"},"modified":"2021-10-23T02:49:42","modified_gmt":"2021-10-23T00:49:42","slug":"mes-10-anys","status":"publish","type":"page","link":"https:\/\/llegim.org\/mes-10-anys\/","title":{"rendered":"Llegim? +10 anys"},"content":{"rendered":"<div class=\"wpb-content-wrapper\"><style type=\"text\/css\"><\/style><p>[vc_row][vc_column css=&#8221;.vc_custom_1601960814749{padding-bottom: 5% !important;}&#8221;]<div id=\"ult-carousel-136629058669e32fe836eab\" class=\"ult-carousel-wrapper   ult_horizontal\" data-gutter=\"15\" data-rtl=\"false\" ><div class=\"ult-carousel-39766261169e32fe836e20 \" >[vc_single_image image=&#8221;3754&#8243; img_size=&#8221;full&#8221;][vc_single_image image=&#8221;3204&#8243; img_size=&#8221;full&#8221;]<\/div><\/div>\t\t\t<script type=\"text\/javascript\">\n\t\t\t\tjQuery(document).ready(function ($) {\n\t\t\t\t\tif( typeof jQuery('.ult-carousel-39766261169e32fe836e20').slick == \"function\"){\n\t\t\t\t\t\t$('.ult-carousel-39766261169e32fe836e20').slick({dots: true,autoplay: true,autoplaySpeed: \"5000\",speed: \"300\",infinite: true,arrows: true,nextArrow: '<button type=\"button\" role=\"button\" aria-label=\"Next\" style=\"color:#002d72; font-size:20px;\" class=\"slick-next default\"><i class=\"ultsl-arrow-right6\"><\/i><\/button>',prevArrow: '<button type=\"button\" role=\"button\" aria-label=\"Previous\" style=\"color:#002d72; font-size:20px;\" class=\"slick-prev default\"><i class=\"ultsl-arrow-left6\"><\/i><\/button>',slidesToScroll:1,slidesToShow:1,swipe: true,draggable: true,touchMove: true,pauseOnHover: true,pauseOnFocus: false,responsive: [\n\t\t\t\t\t\t\t{\n\t\t\t\t\t\t\t  breakpoint: 1026,\n\t\t\t\t\t\t\t  settings: {\n\t\t\t\t\t\t\t\tslidesToShow: 1,\n\t\t\t\t\t\t\t\tslidesToScroll: 1,  \n\t\t\t\t\t\t\t  }\n\t\t\t\t\t\t\t},\n\t\t\t\t\t\t\t{\n\t\t\t\t\t\t\t  breakpoint: 1025,\n\t\t\t\t\t\t\t  settings: {\n\t\t\t\t\t\t\t\tslidesToShow: 1,\n\t\t\t\t\t\t\t\tslidesToScroll: 1\n\t\t\t\t\t\t\t  }\n\t\t\t\t\t\t\t},\n\t\t\t\t\t\t\t{\n\t\t\t\t\t\t\t  breakpoint: 760,\n\t\t\t\t\t\t\t  settings: {\n\t\t\t\t\t\t\t\tslidesToShow: 1,\n\t\t\t\t\t\t\t\tslidesToScroll: 1\n\t\t\t\t\t\t\t  }\n\t\t\t\t\t\t\t}\n\t\t\t\t\t\t],pauseOnDotsHover: true,customPaging: function(slider, i) {\n                   return '<i type=\"button\" style= \"color:#002d72;\" class=\"ultsl-record\" data-role=\"none\"><\/i>';\n                },});\n\t\t\t\t\t}\n\t\t\t\t});\n\t\t\t<\/script>\n\t\t\t[\/vc_column][\/vc_row][vc_row gap=&#8221;35&#8243; content_placement=&#8221;middle&#8221; css=&#8221;.vc_custom_1601962229074{padding-bottom: 5% !important;}&#8221;][vc_column width=&#8221;1\/2&#8243;][vc_custom_heading text=&#8221;\u00abLlegim?\u00bb \u00e9s una campanya per a <b>motivar la lectura en fam\u00edlia<\/b> dirigida especialment a les fam\u00edlies de joves de 8 a 12 anys.<\/p>\n<p>Ac\u00ed trobar\u00e0s idees i consells per a fomentar l\u2019h\u00e0bit lector, <b>recomanacions de llibres<\/b> per edats, <b>v\u00eddeos de fam\u00edlies lectores i professionals del m\u00f3n cultural<\/b>, aix\u00ed com un bon grapat de recursos per a gaudir de la lectura en fam\u00edlia. Llegim?&#8221; font_container=&#8221;tag:h3|font_size:23px|text_align:left|color:%23002d72|line_height:1.5em&#8221; css=&#8221;.vc_custom_1603364922195{padding-top: 6% !important;padding-left: 15px !important;}&#8221;][\/vc_column][vc_column width=&#8221;1\/2&#8243; css=&#8221;.vc_custom_1601961450708{padding-right: 30px !important;}&#8221;][vc_video link=&#8221;https:\/\/youtu.be\/IxCCLZBYeTs&#8221; align=&#8221;center&#8221; css=&#8221;.vc_custom_1602665294450{padding-top: 10% !important;}&#8221;][\/vc_column][\/vc_row][vc_row gap=&#8221;35&#8243; css=&#8221;.vc_custom_1603127597494{padding-top: 3% !important;padding-bottom: 10% !important;}&#8221;][vc_column width=&#8221;1\/3&#8243; css=&#8221;.vc_custom_1602867205397{padding-left: 15px !important;border-radius: 20px !important;}&#8221;][vc_icon icon_fontawesome=&#8221;fab fa-youtube&#8221; color=&#8221;custom&#8221; background_style=&#8221;rounded-outline&#8221; background_color=&#8221;custom&#8221; align=&#8221;center&#8221; custom_color=&#8221;#3e95cd&#8221; custom_background_color=&#8221;#3e95cd&#8221; link=&#8221;url:http%3A%2F%2Fllegim.org%2Fmultimedia%2F|title:Multim%C3%A8dia&#8221;][vc_custom_heading text=&#8221;Llegim en fam\u00edlia!&#8221; font_container=&#8221;tag:h1|font_size:24px|text_align:center|color:%233e95cd|line_height:36px&#8221; use_theme_fonts=&#8221;yes&#8221;][vc_custom_heading text=&#8221;Cinc v\u00eddeos curts amb les experi\u00e8ncies de fam\u00edlies i professionals.&#8221; font_container=&#8221;tag:h5|text_align:center|color:%23252525&#8243; use_theme_fonts=&#8221;yes&#8221;]<div class=\" vc_custom_1634949893244 ubtn-ctn-center \"><a class=\"ubtn-link ult-adjust-bottom-margin ubtn-center ubtn-normal \" href=\"http:\/\/llegim.org\/mes-10-anys\/multimedia\/\" title=\"Multim\u00e8dia\" ><button type=\"button\" id=\"ubtn-4421\"  class=\"ubtn ult-adjust-bottom-margin ult-responsive ubtn-normal ubtn-no-hover-bg  ulta-float  ubtn-center   tooltip-69e32fe836efb\"  data-hover=\"#ffffff\" data-border-color=\"\" data-bg=\"#3e95cd\" data-hover-bg=\"#3e95cd\" data-border-hover=\"\" data-shadow-hover=\"\" data-shadow-click=\"none\" data-shadow=\"\" data-shd-shadow=\"\"  data-ultimate-target='#ubtn-4421'  data-responsive-json-new='{\"font-size\":\"\",\"line-height\":\"\"}'  style=\"font-weight:normal;border:none;background: #3e95cd;color: #ffffff;\"><span class=\"ubtn-hover\" style=\"background-color:#3e95cd\"><\/span><span class=\"ubtn-data ubtn-text \" >Multim\u00e8dia<\/span><\/button><\/a><\/div>[\/vc_column][vc_column width=&#8221;1\/3&#8243; css=&#8221;.vc_custom_1603127373165{border-radius: 20px !important;}&#8221;][vc_icon icon_fontawesome=&#8221;fas fa-book&#8221; color=&#8221;custom&#8221; background_style=&#8221;rounded-outline&#8221; background_color=&#8221;custom&#8221; align=&#8221;center&#8221; custom_color=&#8221;#e5673e&#8221; custom_background_color=&#8221;#e5673e&#8221; link=&#8221;url:http%3A%2F%2Fllegim.org%2Frecursos%2Frecomanacions%2F|title:Recomanacions%20de%20llibres&#8221;][vc_custom_heading text=&#8221;Llibres recomanats&#8221; font_container=&#8221;tag:h2|text_align:center|color:%23e5673e&#8221; use_theme_fonts=&#8221;yes&#8221;][vc_custom_heading text=&#8221;Una selecci\u00f3 de lectures per a joves de 8-9 anys, 10-11 anys, +12 anys i +14 anys.&#8221; font_container=&#8221;tag:h5|text_align:center|color:%23252525&#8243; use_theme_fonts=&#8221;yes&#8221;]<div class=\" vc_custom_1634949901839 ubtn-ctn-center \"><a class=\"ubtn-link ult-adjust-bottom-margin ubtn-center ubtn-normal \" href=\"http:\/\/llegim.org\/mes-10-anys\/recursos\/recomanacions\/\" title=\"Recomanacions\" ><button type=\"button\" id=\"ubtn-9972\"  class=\"ubtn ult-adjust-bottom-margin ult-responsive ubtn-normal ubtn-no-hover-bg  ulta-float  ubtn-center   tooltip-69e32fe836f56\"  data-hover=\"#ffffff\" data-border-color=\"\" data-bg=\"#e5673e\" data-hover-bg=\"#e5673e\" data-border-hover=\"\" data-shadow-hover=\"\" data-shadow-click=\"none\" data-shadow=\"\" data-shd-shadow=\"\"  data-ultimate-target='#ubtn-9972'  data-responsive-json-new='{\"font-size\":\"\",\"line-height\":\"\"}'  style=\"font-weight:normal;border:none;background: #e5673e;color: #ffffff;\"><span class=\"ubtn-hover\" style=\"background-color:#e5673e\"><\/span><span class=\"ubtn-data ubtn-text \" >Recomanacions<\/span><\/button><\/a><\/div>[\/vc_column][vc_column width=&#8221;1\/3&#8243; css=&#8221;.vc_custom_1603127378655{border-radius: 20px !important;}&#8221;][vc_icon icon_fontawesome=&#8221;fas fa-edit&#8221; color=&#8221;custom&#8221; background_style=&#8221;rounded-outline&#8221; background_color=&#8221;custom&#8221; align=&#8221;center&#8221; custom_color=&#8221;#f9b334&#8243; custom_background_color=&#8221;#f9b334&#8243; link=&#8221;url:http%3A%2F%2Fllegim.org%2Ftests%2F|title:Enquestes&#8221;][vc_custom_heading text=&#8221;Tests&#8221; font_container=&#8221;tag:h2|text_align:center|color:%23f9b334&#8243; use_theme_fonts=&#8221;yes&#8221;][vc_custom_heading text=&#8221;Sou una fam\u00edlia compromesa amb la lectura? Vols saber si t\u2019agrada llegir?&#8221; font_container=&#8221;tag:h5|text_align:center|color:%23252525&#8243; use_theme_fonts=&#8221;yes&#8221;]<div class=\" vc_custom_1634949911177 ubtn-ctn-center \"><a class=\"ubtn-link ult-adjust-bottom-margin ubtn-center ubtn-normal \" href=\"http:\/\/llegim.org\/mes-10-anys\/tests\/\" title=\"Tests\" ><button type=\"button\" id=\"ubtn-6820\"  class=\"ubtn ult-adjust-bottom-margin ult-responsive ubtn-normal ubtn-no-hover-bg  ulta-float  ubtn-center   tooltip-69e32fe836f81\"  data-hover=\"#ffffff\" data-border-color=\"\" data-bg=\"#f9b334\" data-hover-bg=\"#f9b334\" data-border-hover=\"\" data-shadow-hover=\"\" data-shadow-click=\"none\" data-shadow=\"\" data-shd-shadow=\"\"  data-ultimate-target='#ubtn-6820'  data-responsive-json-new='{\"font-size\":\"\",\"line-height\":\"\"}'  style=\"font-weight:normal;border:none;background: #f9b334;color: #ffffff;\"><span class=\"ubtn-hover\" style=\"background-color:#f9b334\"><\/span><span class=\"ubtn-data ubtn-text \" >Descobreix-ho!<\/span><\/button><\/a><\/div>[\/vc_column][\/vc_row]<\/p>\n<\/div>","protected":false},"excerpt":{"rendered":"<p>[vc_row][vc_column css=&#8221;.vc_custom_1601960814749{padding-bottom: 5% !important;}&#8221;][\/vc_column][\/vc_row][vc_row gap=&#8221;35&#8243; content_placement=&#8221;middle&#8221; css=&#8221;.vc_custom_1601962229074{padding-bottom: 5% !important;}&#8221;][vc_column width=&#8221;1\/2&#8243;][vc_custom_heading text=&#8221;\u00abLlegim?\u00bb \u00e9s una campanya per a motivar la lectura en fam\u00edlia dirigida especialment a les fam\u00edlies de joves de 8 a 12 anys. Ac\u00ed trobar\u00e0s idees i consells per a fomentar l\u2019h\u00e0bit lector, recomanacions de llibres per edats, v\u00eddeos de fam\u00edlies lectores i professionals del&#8230;<\/p>\n","protected":false},"author":5,"featured_media":0,"parent":0,"menu_order":0,"comment_status":"closed","ping_status":"closed","template":"","meta":{"inline_featured_image":false,"footnotes":""},"_links":{"self":[{"href":"https:\/\/llegim.org\/mes-10-anys\/wp-json\/wp\/v2\/pages\/235"}],"collection":[{"href":"https:\/\/llegim.org\/mes-10-anys\/wp-json\/wp\/v2\/pages"}],"about":[{"href":"https:\/\/llegim.org\/mes-10-anys\/wp-json\/wp\/v2\/types\/page"}],"author":[{"embeddable":true,"href":"https:\/\/llegim.org\/mes-10-anys\/wp-json\/wp\/v2\/users\/5"}],"replies":[{"embeddable":true,"href":"https:\/\/llegim.org\/mes-10-anys\/wp-json\/wp\/v2\/comments?post=235"}],"version-history":[{"count":1,"href":"https:\/\/llegim.org\/mes-10-anys\/wp-json\/wp\/v2\/pages\/235\/revisions"}],"predecessor-version":[{"id":4454,"href":"https:\/\/llegim.org\/mes-10-anys\/wp-json\/wp\/v2\/pages\/235\/revisions\/4454"}],"wp:attachment":[{"href":"https:\/\/llegim.org\/mes-10-anys\/wp-json\/wp\/v2\/media?parent=235"}],"curies":[{"name":"wp","href":"https:\/\/api.w.org\/{rel}","templated":true}]}}