{"id":482,"date":"2018-01-02T13:17:14","date_gmt":"2018-01-02T12:17:14","guid":{"rendered":"http:\/\/llegim.org\/0-6-anys\/?page_id=482"},"modified":"2019-05-07T12:13:40","modified_gmt":"2019-05-07T10:13:40","slug":"us-de-cookies","status":"publish","type":"page","link":"https:\/\/llegim.org\/0-6-anys\/us-de-cookies\/","title":{"rendered":"\u00das de cookies"},"content":{"rendered":"<div class=\"wpb-content-wrapper\"><style type=\"text\/css\"><\/style><p>[vc_row][vc_column][vc_column_text]<\/p>\n<h1>\u00das de cookies<\/h1>\n<p>Les cookies s\u00f3n un conjunt de dades que un servidor diposita en el navegador de l&#8217;usuari i que pot sol\u00b7licitar posteriorment per recon\u00e8ixer-li al llarg d&#8217;una s\u00e8rie de visites. Es tracta d&#8217;un petit arxiu de text que queda emmagatzemat a la mem\u00f2ria cau de l&#8217;equip o al disc dur de l&#8217;ordinador i que servir\u00e0 per identificar l&#8217;usuari quan torni a connectar-se a aquesta p\u00e0gina web. El seu objectiu \u00e9s registrar la visita de l&#8217;usuari i guardar certa informaci\u00f3.<\/p>\n<p>Segons la durada de les cookies, les cookies m\u00e9s comuns i generalitzades s\u00f3n les cookies de sessi\u00f3 i les cookies permanents. Les cookies de sessi\u00f3 s\u00f3n temporals i permeten una navegaci\u00f3 continua a l&#8217;usuari amb relaci\u00f3 a una p\u00e0gina web; solen emmagatzemar-se en la mem\u00f2ria cau de l&#8217;equip i el propi usuari pot, mitjan\u00e7ant la configuraci\u00f3 del seu navegador, eliminar-les. Les cookies permanents s&#8217;emmagatzemen en el disc dur de l&#8217;equip de l&#8217;usuari de forma permanent per seguir la navegaci\u00f3 de l&#8217;usuari; l&#8217;usuari tamb\u00e9 pot configurar-les mitjan\u00e7ant el seu navegador.<\/p>\n<p>La Fundaci\u00f3 Bromera per al Foment de la Lectura informa a l&#8217;usuari que aquest lloc web utilitza les cookies seg\u00fcents, pr\u00f2pies o de tercers, amb les seg\u00fcents finalitats:<br \/>\n&#8211; Cookies de sessi\u00f3 i permanents &#8220;Analytics&#8221; de Google Inc: les cookies &#8220;Analytics&#8221; permeten realitzar an\u00e0lisis del lloc web recopilant m\u00e8triques de la navegaci\u00f3 de l&#8217;usuari com ara durada de la visita al lloc web, p\u00e0gines visitades, proced\u00e8ncia geogr\u00e0fica de l&#8217;usuari, entre altres m\u00e8triques.<br \/>\nL&#8217;usuari t\u00e9 la possibilitat de configurar el seu navegador per ser avisat de la recepci\u00f3 de cookies i per impedir la seva instal\u00b7laci\u00f3 al seu equip. Aix\u00ed mateix, l&#8217;usuari pot revisar en el seu navegador quines cookies t\u00e9 instal\u00b7lades i quina \u00e9s la data de caducitat de les mateixes, aix\u00ed com eliminar-les. Per favor, consulte les instruccions i manuals del seu navegador per ampliar aquesta informaci\u00f3.[\/vc_column_text][\/vc_column][\/vc_row]<\/p>\n<\/div>","protected":false},"excerpt":{"rendered":"<p>[vc_row][vc_column][vc_column_text] \u00das de cookies Les cookies s\u00f3n un conjunt de dades que un servidor diposita en el navegador de l&#8217;usuari i que pot sol\u00b7licitar posteriorment per recon\u00e8ixer-li al llarg d&#8217;una s\u00e8rie de visites. Es tracta d&#8217;un petit arxiu de text que queda emmagatzemat a la mem\u00f2ria cau de l&#8217;equip o al disc dur de l&#8217;ordinador&#8230;<\/p>\n","protected":false},"author":2,"featured_media":0,"parent":0,"menu_order":0,"comment_status":"closed","ping_status":"closed","template":"","meta":{"inline_featured_image":false,"footnotes":""},"_links":{"self":[{"href":"https:\/\/llegim.org\/0-6-anys\/wp-json\/wp\/v2\/pages\/482"}],"collection":[{"href":"https:\/\/llegim.org\/0-6-anys\/wp-json\/wp\/v2\/pages"}],"about":[{"href":"https:\/\/llegim.org\/0-6-anys\/wp-json\/wp\/v2\/types\/page"}],"author":[{"embeddable":true,"href":"https:\/\/llegim.org\/0-6-anys\/wp-json\/wp\/v2\/users\/2"}],"replies":[{"embeddable":true,"href":"https:\/\/llegim.org\/0-6-anys\/wp-json\/wp\/v2\/comments?post=482"}],"version-history":[{"count":0,"href":"https:\/\/llegim.org\/0-6-anys\/wp-json\/wp\/v2\/pages\/482\/revisions"}],"wp:attachment":[{"href":"https:\/\/llegim.org\/0-6-anys\/wp-json\/wp\/v2\/media?parent=482"}],"curies":[{"name":"wp","href":"https:\/\/api.w.org\/{rel}","templated":true}]}}