{"id":2079,"date":"2019-05-06T18:19:09","date_gmt":"2019-05-06T16:19:09","guid":{"rendered":"http:\/\/llegim.org\/0-6-anys\/?page_id=2079"},"modified":"2020-10-20T12:07:32","modified_gmt":"2020-10-20T10:07:32","slug":"quadern","status":"publish","type":"page","link":"https:\/\/llegim.org\/0-6-anys\/participa\/quadern\/","title":{"rendered":"Quadern"},"content":{"rendered":"<div class=\"wpb-content-wrapper\"><style type=\"text\/css\"><\/style><p>[vc_row][vc_column][vc_column_text]<\/p>\n<h1>Quadern <em>Llegim?<\/em><\/h1>\n<p>[\/vc_column_text][\/vc_column][\/vc_row][vc_row][vc_column width=&#8221;1\/4&#8243;][vc_column_text]<\/p>\n<h2 style=\"text-align: center;\">Sol\u00b7licita el teu exemplar del quadern en paper!<\/h2>\n<p>[\/vc_column_text][vc_single_image image=&#8221;1070&#8243; img_size=&#8221;medium&#8221; alignment=&#8221;center&#8221; style=&#8221;vc_box_shadow&#8221;][\/vc_column][vc_column width=&#8221;3\/4&#8243;][vc_column_text]<\/p>\n<h3>Un recurs gratu\u00eft, \u00fatil i senzill per a fomentar la lectura.<\/h3>\n<p>Omplint aquest formulari pots demanar a la Fundaci\u00f3 Bromera un exemplar en paper d&#8217;aquesta publicaci\u00f3 accessible, amena i pr\u00e0ctica que t\u2019ajudar\u00e0 a transmetre l\u2019amor per la lectura en l\u2019\u00e0mbit familiar.[\/vc_column_text]\n<div class=\"wpcf7 no-js\" id=\"wpcf7-f2081-o1\" lang=\"ca\" dir=\"ltr\">\n<div class=\"screen-reader-response\"><p role=\"status\" aria-live=\"polite\" aria-atomic=\"true\"><\/p> <ul><\/ul><\/div>\n<form action=\"\/0-6-anys\/wp-json\/wp\/v2\/pages\/2079#wpcf7-f2081-o1\" method=\"post\" class=\"wpcf7-form init wpcf7-acceptance-as-validation\" aria-label=\"Formulari de contacte\" novalidate=\"novalidate\" data-status=\"init\">\n<div style=\"display: none;\">\n<input type=\"hidden\" name=\"_wpcf7\" value=\"2081\" \/>\n<input type=\"hidden\" name=\"_wpcf7_version\" value=\"5.9.3\" \/>\n<input type=\"hidden\" name=\"_wpcf7_locale\" value=\"ca\" \/>\n<input type=\"hidden\" name=\"_wpcf7_unit_tag\" value=\"wpcf7-f2081-o1\" \/>\n<input type=\"hidden\" name=\"_wpcf7_container_post\" value=\"0\" \/>\n<input type=\"hidden\" name=\"_wpcf7_posted_data_hash\" value=\"\" \/>\n<input type=\"hidden\" name=\"_wpcf7_recaptcha_response\" value=\"\" \/>\n<\/div>\n<p class=\"mig\">Nom * <span class=\"wpcf7-form-control-wrap\" data-name=\"nom\"><input size=\"40\" class=\"wpcf7-form-control wpcf7-text wpcf7-validates-as-required\" aria-required=\"true\" aria-invalid=\"false\" value=\"\" type=\"text\" name=\"nom\" \/><\/span>\n<\/p>\n<p class=\"mig\">Cognoms * <span class=\"wpcf7-form-control-wrap\" data-name=\"cognom\"><input size=\"40\" class=\"wpcf7-form-control wpcf7-text wpcf7-validates-as-required\" aria-required=\"true\" aria-invalid=\"false\" value=\"\" type=\"text\" name=\"cognom\" \/><\/span>\n<\/p>\n<p class=\"mig\">Adre\u00e7a * <span class=\"wpcf7-form-control-wrap\" data-name=\"adreca\"><input size=\"40\" class=\"wpcf7-form-control wpcf7-text wpcf7-validates-as-required\" aria-required=\"true\" aria-invalid=\"false\" value=\"\" type=\"text\" name=\"adreca\" \/><\/span>\n<\/p>\n<p class=\"mig\">Poblaci\u00f3 * <span class=\"wpcf7-form-control-wrap\" data-name=\"poblacio\"><input size=\"40\" class=\"wpcf7-form-control wpcf7-text wpcf7-validates-as-required\" aria-required=\"true\" aria-invalid=\"false\" value=\"\" type=\"text\" name=\"poblacio\" \/><\/span>\n<\/p>\n<p class=\"mig\">Prov\u00edncia * <span class=\"wpcf7-form-control-wrap\" data-name=\"provincia\"><input size=\"40\" class=\"wpcf7-form-control wpcf7-text wpcf7-validates-as-required\" aria-required=\"true\" aria-invalid=\"false\" value=\"\" type=\"text\" name=\"provincia\" \/><\/span>\n<\/p>\n<p class=\"mig\">CP * <span class=\"wpcf7-form-control-wrap\" data-name=\"cp\"><input class=\"wpcf7-form-control wpcf7-number wpcf7-validates-as-required wpcf7-validates-as-number\" min=\"0\" max=\"1000000\" aria-required=\"true\" aria-invalid=\"false\" value=\"\" type=\"number\" name=\"cp\" \/><\/span>\n<\/p>\n<p class=\"mig\">Tel\u00e8fon* <span class=\"wpcf7-form-control-wrap\" data-name=\"telefon\"><input size=\"40\" maxlength=\"12\" minlength=\"9\" class=\"wpcf7-form-control wpcf7-tel wpcf7-validates-as-required wpcf7-text wpcf7-validates-as-tel\" aria-required=\"true\" aria-invalid=\"false\" value=\"\" type=\"tel\" name=\"telefon\" \/><\/span>\n<\/p>\n<p class=\"mig\">Correu-e * <span class=\"wpcf7-form-control-wrap\" data-name=\"email-contacte\"><input size=\"40\" class=\"wpcf7-form-control wpcf7-email wpcf7-validates-as-required wpcf7-text wpcf7-validates-as-email\" aria-required=\"true\" aria-invalid=\"false\" value=\"\" type=\"email\" name=\"email-contacte\" \/><\/span>\n<\/p>\n<hr style=\"border-color: white;\" \/>\n<p><span class=\"wpcf7-form-control-wrap\" data-name=\"accepte\"><span class=\"wpcf7-form-control wpcf7-acceptance\"><span class=\"wpcf7-list-item\"><label><input type=\"checkbox\" name=\"accepte\" value=\"1\" aria-invalid=\"false\" \/><span class=\"wpcf7-list-item-label\">He llegit i accepte la <a href=\"https:\/\/llegim.org\/0-6-anys\/politica-de-privacitat\/\" target=\"_blank\">pol\u00edtica de privacitat<\/a> i <a href=\"https:\/\/llegim.org\/0-6-anys\/us-de-cookies\/\" target=\"_blank\">l'\u00fas de cookies<\/a><\/span><\/label><\/span><\/span><\/span>\n<\/p>\n\n<p><input class=\"wpcf7-form-control wpcf7-submit has-spinner\" type=\"submit\" value=\"Enviar\" \/>\n<\/p>\n<p><span class=\"dashicons dashicons-info\"><\/span> Si vols rebre m\u00e9s d\u2019un exemplar, envia\u2019ns un correu-e a <b><a href=\"mailto:llegim@fundaciobromera.org\">llegim@fundaciobromera.org<\/a><\/b> en qu\u00e8 indiques les mateixes dades que et demanem al formulari i el nombre de quaderns que ens sol\u00b7licites.\n<\/p><div class=\"wpcf7-response-output\" aria-hidden=\"true\"><\/div>\n<\/form>\n<\/div>\n[\/vc_column][\/vc_row]<\/p>\n<\/div>","protected":false},"excerpt":{"rendered":"<p>[vc_row][vc_column][vc_column_text] Quadern Llegim? [\/vc_column_text][\/vc_column][\/vc_row][vc_row][vc_column width=&#8221;1\/4&#8243;][vc_column_text] Sol\u00b7licita el teu exemplar del quadern en paper! [\/vc_column_text][vc_single_image image=&#8221;1070&#8243; img_size=&#8221;medium&#8221; alignment=&#8221;center&#8221; style=&#8221;vc_box_shadow&#8221;][\/vc_column][vc_column width=&#8221;3\/4&#8243;][vc_column_text] Un recurs gratu\u00eft, \u00fatil i senzill per a fomentar la lectura. Omplint aquest formulari pots demanar a la Fundaci\u00f3 Bromera un exemplar en paper d&#8217;aquesta publicaci\u00f3 accessible, amena i pr\u00e0ctica que t\u2019ajudar\u00e0 a transmetre l\u2019amor per&#8230;<\/p>\n","protected":false},"author":2,"featured_media":2144,"parent":2184,"menu_order":0,"comment_status":"closed","ping_status":"closed","template":"","meta":{"inline_featured_image":false,"footnotes":""},"_links":{"self":[{"href":"https:\/\/llegim.org\/0-6-anys\/wp-json\/wp\/v2\/pages\/2079"}],"collection":[{"href":"https:\/\/llegim.org\/0-6-anys\/wp-json\/wp\/v2\/pages"}],"about":[{"href":"https:\/\/llegim.org\/0-6-anys\/wp-json\/wp\/v2\/types\/page"}],"author":[{"embeddable":true,"href":"https:\/\/llegim.org\/0-6-anys\/wp-json\/wp\/v2\/users\/2"}],"replies":[{"embeddable":true,"href":"https:\/\/llegim.org\/0-6-anys\/wp-json\/wp\/v2\/comments?post=2079"}],"version-history":[{"count":0,"href":"https:\/\/llegim.org\/0-6-anys\/wp-json\/wp\/v2\/pages\/2079\/revisions"}],"up":[{"embeddable":true,"href":"https:\/\/llegim.org\/0-6-anys\/wp-json\/wp\/v2\/pages\/2184"}],"wp:featuredmedia":[{"embeddable":true,"href":"https:\/\/llegim.org\/0-6-anys\/wp-json\/wp\/v2\/media\/2144"}],"wp:attachment":[{"href":"https:\/\/llegim.org\/0-6-anys\/wp-json\/wp\/v2\/media?parent=2079"}],"curies":[{"name":"wp","href":"https:\/\/api.w.org\/{rel}","templated":true}]}}